{"id":102195,"date":"2023-12-05T14:14:10","date_gmt":"2023-12-05T19:14:10","guid":{"rendered":"https:\/\/latouffe.wpenginepowered.com\/?page_id=102195"},"modified":"2025-10-24T15:49:41","modified_gmt":"2025-10-24T20:49:41","slug":"terms-and-conditions","status":"publish","type":"page","link":"https:\/\/latouffe.ca\/en\/termes-et-conditions\/","title":{"rendered":"Terms and conditions"},"content":{"rendered":"<p>[et_pb_section fb_built=&#8221;1&#8243; _builder_version=&#8221;4.23.1&#8243; _module_preset=&#8221;default&#8221; global_colors_info=&#8221;{}&#8221;][et_pb_row _builder_version=&#8221;4.23.1&#8243; _module_preset=&#8221;default&#8221; global_colors_info=&#8221;{}&#8221;][et_pb_column type=&#8221;4_4&#8243; _builder_version=&#8221;4.23.1&#8243; _module_preset=&#8221;default&#8221; global_colors_info=&#8221;{}&#8221;][et_pb_text _builder_version=&#8221;4.24.3&#8243; _module_preset=&#8221;default&#8221; text_font=&#8221;||||||||&#8221; text_text_color=&#8221;#0A0A0A&#8221; header_font=&#8221;|700|||||||&#8221; global_colors_info=&#8221;{}&#8221;]<\/p>\n<h1><span>Termes et conditions<\/span><\/h1>\n<p>LIVRAISON<br \/>Les commandes sont trait\u00e9es dans un d\u00e9lai de 24 \u00e0 48 heures.<\/p>\n<p>Apr\u00e8s le traitement de la commande, le d\u00e9lai de livraison peut varier de 1 \u00e0 3 journ\u00e9es ouvrables.<\/p>\n<p>Command\u00e9s seuls, LE Sachet, LA Trousse et LE Peigne peuvent \u00eatre livr\u00e9s au-del\u00e0 de 3 journ\u00e9es ouvrables.<\/p>\n<p>Des d\u00e9lais pouvant aller jusqu\u2019\u00e0 7 jours ouvrables sont possibles pour les envois en r\u00e9gions \u00e9loign\u00e9es.<\/p>\n<p>Les livraisons sont offertes du lundi au vendredi, excluant les journ\u00e9es f\u00e9ri\u00e9es.<\/p>\n<p>Des d\u00e9lais plus importants peuvent \u00eatre encourus pendant la p\u00e9riode des F\u00eates.<br \/>Lorsqu\u2019applicables, les frais de livraison sont ajout\u00e9s au panier d\u2019achats pr\u00e9alablement au paiement de la commande.\u00a0<\/p>\n<p>&nbsp;<\/p>\n<p>&nbsp;<\/p>\n<p>GARANTIES<\/p>\n<p>Aucune garantie n\u2019est \u00e9mise pour tous les produits.<\/p>\n<p>Dans le cas ou un produit aurait \u00e9t\u00e9 endommag\u00e9 lors de la livraison veuillez nous contacter 48 heures apr\u00e8s avoir re\u00e7u le colis \u00e0 <a href=\"mailto:Administration@latouffe.ca\">Administration@latouffe.ca<\/a><\/p>\n<p>&nbsp;<\/p>\n<p>RETOURS ET \u00c9CHANGES<\/p>\n<p>Aucun remboursement ne sera effectu\u00e9 pour tous les produits LA Touffe.<\/p>\n<p>Pour la trousse LA Touffe un \u00e9change est possible seulement pour une d\u00e9fectuosit\u00e9 au niveau de la fermeture \u00e9clair et cela dans les 15 prochains jours suivant l\u2019achat. Pri\u00e8re de nous contacter \u00e0 <a href=\"mailto:Administration@latouffe.ca\">Administration@latouffe.ca<\/a> et nous vous indiquerons les proc\u00e9dures de retour afin qu\u2019on vous fasse parvenir une nouvelle trousse.<\/p>\n<p>Pour les fibres densifiantes aucun remboursement ou \u00e9change ne sera effectu\u00e9 pour une couleur qui ne serait pas la bonne.\u00a0Dans le cas ou la couleur command\u00e9e ne serait pas celle re\u00e7ue et que l\u2019emballage est toujours intact, pri\u00e8re de nous contacter dans les 7 jours suivant l\u2019achat \u00e0 <a href=\"mailto:Administration@latouffe.ca\">Administration@latouffe.ca<\/a> et nous vous indiquerons les proc\u00e9dures de retour afin qu\u2019on vous fasse parvenir la bonne couleur.<\/p>\n<p>&nbsp;<\/p>\n<p>COMMANDE<\/p>\n<p>Une fois la commande effectu\u00e9e et trait\u00e9e, aucun changement ne peut \u00eatre fait.<\/p>\n<p>Veuillez nous contacter \u00e0 <a href=\"mailto:Administration@latouffe.ca\">Administration@latouffe.ca<\/a> pour tout produit manquant dans la commande.<\/p>\n<p>&nbsp;<\/p>\n<p>&nbsp;<\/p>\n<p>OPTIONS DE PAIEMENTS<\/p>\n<p>Mastercard<\/p>\n<p>Visa<\/p>\n<p>Amex<\/p>\n<p>Paypal<\/p>\n<p>Google pay<\/p>\n<p>Apple pay<\/p>\n<p>[\/et_pb_text][\/et_pb_column][\/et_pb_row][\/et_pb_section]<\/p>\n","protected":false},"excerpt":{"rendered":"<p>Termes et conditions LIVRAISONLes commandes sont trait\u00e9es dans un d\u00e9lai de 24 \u00e0 48 heures. Apr\u00e8s le traitement de la commande, le d\u00e9lai de livraison peut varier de 1 \u00e0 3 journ\u00e9es ouvrables. Command\u00e9s seuls, LE Sachet, LA Trousse et LE Peigne peuvent \u00eatre livr\u00e9s au-del\u00e0 de 3 journ\u00e9es ouvrables. Des d\u00e9lais pouvant aller jusqu\u2019\u00e0 [&hellip;]<\/p>\n","protected":false},"author":4,"featured_media":0,"parent":0,"menu_order":0,"comment_status":"closed","ping_status":"closed","template":"","meta":{"_acf_changed":false,"_seopress_robots_primary_cat":"","_seopress_titles_title":"","_seopress_titles_desc":"","_seopress_robots_index":"","_et_pb_use_builder":"on","_et_pb_old_content":"","_et_gb_content_width":"","inline_featured_image":false,"footnotes":""},"class_list":["post-102195","page","type-page","status-publish","hentry"],"acf":[],"_links":{"self":[{"href":"https:\/\/latouffe.ca\/en\/wp-json\/wp\/v2\/pages\/102195","targetHints":{"allow":["GET"]}}],"collection":[{"href":"https:\/\/latouffe.ca\/en\/wp-json\/wp\/v2\/pages"}],"about":[{"href":"https:\/\/latouffe.ca\/en\/wp-json\/wp\/v2\/types\/page"}],"author":[{"embeddable":true,"href":"https:\/\/latouffe.ca\/en\/wp-json\/wp\/v2\/users\/4"}],"replies":[{"embeddable":true,"href":"https:\/\/latouffe.ca\/en\/wp-json\/wp\/v2\/comments?post=102195"}],"version-history":[{"count":0,"href":"https:\/\/latouffe.ca\/en\/wp-json\/wp\/v2\/pages\/102195\/revisions"}],"wp:attachment":[{"href":"https:\/\/latouffe.ca\/en\/wp-json\/wp\/v2\/media?parent=102195"}],"curies":[{"name":"wp","href":"https:\/\/api.w.org\/{rel}","templated":true}]}}