{"id":115007,"date":"2026-03-23T11:01:33","date_gmt":"2026-03-23T16:01:33","guid":{"rendered":"https:\/\/latouffe.ca\/?page_id=115007"},"modified":"2026-03-30T10:50:34","modified_gmt":"2026-03-30T15:50:34","slug":"faq","status":"publish","type":"page","link":"https:\/\/latouffe.ca\/en\/faq\/","title":{"rendered":"FAQ"},"content":{"rendered":"<p>[et_pb_section fb_built=&#8221;1&#8243; disabled_on=&#8221;off|off|off&#8221; _builder_version=&#8221;4.24.3&#8243; _module_preset=&#8221;default&#8221; background_color=&#8221;#0A0A0A&#8221; background_enable_image=&#8221;off&#8221; custom_margin=&#8221;||||false|false&#8221; custom_padding=&#8221;0px||0px||false|false&#8221; background_last_edited=&#8221;on|desktop&#8221; locked=&#8221;off&#8221; global_colors_info=&#8221;{}&#8221;][et_pb_row column_structure=&#8221;1_2,1_2&#8243; use_custom_gutter=&#8221;on&#8221; make_equal=&#8221;on&#8221; _builder_version=&#8221;4.24.3&#8243; _module_preset=&#8221;default&#8221; max_width=&#8221;80%&#8221; custom_margin=&#8221;0px||0px||true|false&#8221; custom_padding=&#8221;20px||20px||true|false&#8221; animation_style=&#8221;slide&#8221; animation_direction=&#8221;left&#8221; animation_duration=&#8221;1500ms&#8221; global_colors_info=&#8221;{}&#8221;][et_pb_column type=&#8221;1_2&#8243; _builder_version=&#8221;4.24.3&#8243; _module_preset=&#8221;default&#8221; custom_padding=&#8221;40px||40px||true|false&#8221; global_colors_info=&#8221;{}&#8221;][et_pb_text _builder_version=&#8221;4.27.6&#8243; _module_preset=&#8221;default&#8221; header_font=&#8221;Montserrat|300|||||||&#8221; header_text_align=&#8221;center&#8221; header_text_color=&#8221;#ffffff&#8221; header_font_size=&#8221;60px&#8221; animation_style=&#8221;slide&#8221; animation_direction=&#8221;top&#8221; animation_duration=&#8221;1500ms&#8221; animation_delay=&#8221;1500ms&#8221; hover_enabled=&#8221;0&#8243; header_font_size_tablet=&#8221;50px&#8221; header_font_size_phone=&#8221;38px&#8221; header_font_size_last_edited=&#8221;on|phone&#8221; global_colors_info=&#8221;{}&#8221; sticky_enabled=&#8221;0&#8243;]<\/p>\n<h1 style=\"text-align: left;\">Foire aux questions<\/h1>\n<p>[\/et_pb_text][\/et_pb_column][et_pb_column type=&#8221;1_2&#8243; _builder_version=&#8221;4.16&#8243; _module_preset=&#8221;default&#8221; global_colors_info=&#8221;{}&#8221;][\/et_pb_column][\/et_pb_row][\/et_pb_section][et_pb_section fb_built=&#8221;1&#8243; _builder_version=&#8221;4.27.6&#8243; _module_preset=&#8221;default&#8221; global_colors_info=&#8221;{}&#8221;][et_pb_row _builder_version=&#8221;4.24.3&#8243; _module_preset=&#8221;default&#8221; global_colors_info=&#8221;{}&#8221;][et_pb_column type=&#8221;4_4&#8243; _builder_version=&#8221;4.24.3&#8243; _module_preset=&#8221;default&#8221; global_colors_info=&#8221;{}&#8221;][et_pb_text _builder_version=&#8221;4.24.3&#8243; _module_preset=&#8221;default&#8221; global_colors_info=&#8221;{}&#8221;]<\/p>\n<h2 style=\"text-align: center;\">FAQ<\/h2>\n<p>[\/et_pb_text][et_pb_toggle title=&#8221;Est-ce que \u00e7a tient?&#8221; toggle_icon=&#8221;&#x3b;||divi||400&#8243; open_toggle_icon=&#8221;&#x3a;||divi||400&#8243; _builder_version=&#8221;4.24.3&#8243; _module_preset=&#8221;default&#8221; global_colors_info=&#8221;{}&#8221;]<\/p>\n<p>Absolument! Vous pouvez avoir l\u2019esprit tranquille. La solution est con\u00e7ue pour r\u00e9sister aux vents, \u00e0 l\u2019eau, \u00e0 la transpiration et bien plus. Pour un r\u00e9sultat optimal, il est conseill\u00e9 de vaporiser le fixatif LA Touffe qui est sp\u00e9cifiquement con\u00e7u pour la solution de comblement capillaire.<\/p>\n<p>[\/et_pb_toggle][et_pb_toggle title=&#8221;Est-ce que mes cheveux vont repousser?&#8221; toggle_icon=&#8221;&#x3b;||divi||400&#8243; open_toggle_icon=&#8221;&#x3a;||divi||400&#8243; _builder_version=&#8221;4.24.3&#8243; _module_preset=&#8221;default&#8221; global_colors_info=&#8221;{}&#8221;]<\/p>\n<p>Ce produit n\u2019est pas con\u00e7u pour favoriser la repousse des cheveux. C\u2019est un produit qui comble de fa\u00e7on temporaire les zones de cheveux clairsem\u00e9es.<\/p>\n<p>[\/et_pb_toggle][et_pb_toggle title=&#8221;Comment retirer le produit de mes cheveux?&#8221; toggle_icon=&#8221;&#x3b;||divi||400&#8243; open_toggle_icon=&#8221;&#x3a;||divi||400&#8243; _builder_version=&#8221;4.24.3&#8243; _module_preset=&#8221;default&#8221; global_colors_info=&#8221;{}&#8221;]<\/p>\n<p>Il suffit d\u2019un simple shampoing pour le faire partir facilement.<\/p>\n<p>[\/et_pb_toggle][et_pb_toggle title=&#8221;Est-ce que c\u2019est difficile \u00e0 appliquer?&#8221; toggle_icon=&#8221;&#x3b;||divi||400&#8243; open_toggle_icon=&#8221;&#x3a;||divi||400&#8243; _builder_version=&#8221;4.24.3&#8243; _module_preset=&#8221;default&#8221; global_colors_info=&#8221;{}&#8221;]<\/p>\n<p>Pas du tout! C\u2019est le m\u00eame principe que d\u2019utiliser une sali\u00e8re. L\u2019important est de s\u2019assurer de couvrir toutes les zones de cheveux clairsem\u00e9es pour obtenir un r\u00e9sultat uniforme.<\/p>\n<p>[\/et_pb_toggle][et_pb_toggle title=&#8221;Est-ce que c\u2019est long \u00e0 appliquer?&#8221; toggle_icon=&#8221;&#x3b;||divi||400&#8243; open_toggle_icon=&#8221;&#x3a;||divi||400&#8243; _builder_version=&#8221;4.24.3&#8243; _module_preset=&#8221;default&#8221; global_colors_info=&#8221;{}&#8221;]<\/p>\n<p>G\u00e9n\u00e9ralement le tour est jou\u00e9 en aussi peu que 5 minutes!<\/p>\n<p>[\/et_pb_toggle][et_pb_toggle title=&#8221;Combien d\u2019utilisations puis-je faire avec un sachet de 25 gr?&#8221; toggle_icon=&#8221;&#x3b;||divi||400&#8243; open_toggle_icon=&#8221;&#x3a;||divi||400&#8243; _builder_version=&#8221;4.24.3&#8243; _module_preset=&#8221;default&#8221; global_colors_info=&#8221;{}&#8221;]<\/p>\n<p>Le nombre d\u2019utilisations varie en fonction du manque de cheveux de chaque utilisateur. R\u00e8gle g\u00e9n\u00e9rale, plus d\u2019une trentaine d\u2019utilisations sont possibles, ce qui en fait un produit \u00e9conomique.<\/p>\n<p>[\/et_pb_toggle][et_pb_toggle title=&#8221;Est-ce que ce produit peut endommager mes cheveux?&#8221; toggle_icon=&#8221;&#x3b;||divi||400&#8243; open_toggle_icon=&#8221;&#x3a;||divi||400&#8243; _builder_version=&#8221;4.24.3&#8243; _module_preset=&#8221;default&#8221; global_colors_info=&#8221;{}&#8221;]<\/p>\n<p>La solution de comblement capillaire LA Touffe est 100% naturelle et faite \u00e0 partir de fleurs de coton. C\u2019est donc un produit tr\u00e8s doux pour les cheveux et pour le cuir chevelu.<\/p>\n<p>[\/et_pb_toggle][et_pb_toggle title=&#8221;Je n\u2019ai plus de cheveux, est-ce que ce produit me convient?&#8221; toggle_icon=&#8221;&#x3b;||divi||400&#8243; open_toggle_icon=&#8221;&#x3a;||divi||400&#8243; _builder_version=&#8221;4.24.3&#8243; _module_preset=&#8221;default&#8221; global_colors_info=&#8221;{}&#8221;]<\/p>\n<p>Malheureusement non, il faut avoir quelques cheveux pour permettre \u00e0 la solution de tenir en place.<\/p>\n<p>[\/et_pb_toggle][et_pb_toggle title=&#8221;Comment \u00e7a fonctionne?&#8221; toggle_icon=&#8221;&#x3b;||divi||400&#8243; open_toggle_icon=&#8221;&#x3a;||divi||400&#8243; _builder_version=&#8221;4.24.3&#8243; _module_preset=&#8221;default&#8221; global_colors_info=&#8221;{}&#8221;]<\/p>\n<p>Une mini le\u00e7on de science : Gr\u00e2ce \u00e0 la charge \u00e9lectrostatique, les particules de coton de la solution collent \u00e0 chaque cheveu jusqu\u2019au prochain shampoing. Le coton est charg\u00e9 n\u00e9gativement et le cheveu est quant \u00e0 lui charg\u00e9 positivement. Un peu comme lorsqu\u2019on frotte un ballon de f\u00eate sur ses cheveux et qu\u2019il colle \u00e0 la t\u00eate. C\u2019est de la science\u2026 ou de la magie!<\/p>\n<p>[\/et_pb_toggle][et_pb_toggle title=&#8221;Puis-je utiliser des produits coiffants?&#8221; toggle_icon=&#8221;&#x3b;||divi||400&#8243; open_toggle_icon=&#8221;&#x3a;||divi||400&#8243; _builder_version=&#8221;4.24.3&#8243; _module_preset=&#8221;default&#8221; global_colors_info=&#8221;{}&#8221;]<\/p>\n<p>Dans la plupart des cas, vous pouvez continuer d\u2019utiliser vos produits coiffants pr\u00e9f\u00e9r\u00e9s sans probl\u00e8me \u00e0 condition qu\u2019ils ne soient pas alourdissant pour le cheveu.<\/p>\n<p>[\/et_pb_toggle][et_pb_toggle title=&#8221;Pourquoi choisir les produits LA Touffe?&#8221; toggle_icon=&#8221;&#x3b;||divi||400&#8243; open_toggle_icon=&#8221;&#x3a;||divi||400&#8243; _builder_version=&#8221;4.24.3&#8243; _module_preset=&#8221;default&#8221; global_colors_info=&#8221;{}&#8221;]<\/p>\n<p>Parce que c\u2019est une excellente alternative \u00e0 la greffe de cheveux, efficace et peu co\u00fbteuse. Elle procure un r\u00e9sultat imm\u00e9diat et fiable. La solution LA Touffe est 100% naturelle et respectueuse de l\u2019environnement, car elle est vendue en sachet de recharge seulement.<\/p>\n<p>[\/et_pb_toggle][\/et_pb_column][\/et_pb_row][\/et_pb_section]<\/p>\n","protected":false},"excerpt":{"rendered":"<p>Foire aux questionsFAQAbsolument! Vous pouvez avoir l\u2019esprit tranquille. La solution est con\u00e7ue pour r\u00e9sister aux vents, \u00e0 l\u2019eau, \u00e0 la transpiration et bien plus. Pour un r\u00e9sultat optimal, il est conseill\u00e9 de vaporiser le fixatif LA Touffe qui est sp\u00e9cifiquement con\u00e7u pour la solution de comblement capillaire.Ce produit n\u2019est pas con\u00e7u pour favoriser la repousse [&hellip;]<\/p>\n","protected":false},"author":87,"featured_media":0,"parent":0,"menu_order":0,"comment_status":"closed","ping_status":"closed","template":"","meta":{"_acf_changed":false,"_seopress_robots_primary_cat":"","_seopress_titles_title":"","_seopress_titles_desc":"","_seopress_robots_index":"","_et_pb_use_builder":"on","_et_pb_old_content":"","_et_gb_content_width":"","inline_featured_image":false,"footnotes":""},"class_list":["post-115007","page","type-page","status-publish","hentry"],"acf":[],"_links":{"self":[{"href":"https:\/\/latouffe.ca\/en\/wp-json\/wp\/v2\/pages\/115007","targetHints":{"allow":["GET"]}}],"collection":[{"href":"https:\/\/latouffe.ca\/en\/wp-json\/wp\/v2\/pages"}],"about":[{"href":"https:\/\/latouffe.ca\/en\/wp-json\/wp\/v2\/types\/page"}],"author":[{"embeddable":true,"href":"https:\/\/latouffe.ca\/en\/wp-json\/wp\/v2\/users\/87"}],"replies":[{"embeddable":true,"href":"https:\/\/latouffe.ca\/en\/wp-json\/wp\/v2\/comments?post=115007"}],"version-history":[{"count":5,"href":"https:\/\/latouffe.ca\/en\/wp-json\/wp\/v2\/pages\/115007\/revisions"}],"predecessor-version":[{"id":116252,"href":"https:\/\/latouffe.ca\/en\/wp-json\/wp\/v2\/pages\/115007\/revisions\/116252"}],"wp:attachment":[{"href":"https:\/\/latouffe.ca\/en\/wp-json\/wp\/v2\/media?parent=115007"}],"curies":[{"name":"wp","href":"https:\/\/api.w.org\/{rel}","templated":true}]}}