{"id":91446,"date":"2021-01-05T10:46:56","date_gmt":"2021-01-05T10:46:56","guid":{"rendered":"http:\/\/www.clientesdestacaimagen.com\/ecommerce\/?page_id=1605"},"modified":"2026-04-08T12:14:53","modified_gmt":"2026-04-08T17:14:53","slug":"vision","status":"publish","type":"page","link":"https:\/\/latouffe.ca\/en\/lavision\/","title":{"rendered":"LA Vision"},"content":{"rendered":"<p>[et_pb_section fb_built=&#8221;1&#8243; disabled_on=&#8221;off|off|off&#8221; _builder_version=&#8221;4.24.3&#8243; _module_preset=&#8221;default&#8221; background_color=&#8221;#0A0A0A&#8221; background_enable_image=&#8221;off&#8221; custom_margin=&#8221;||||false|false&#8221; custom_padding=&#8221;0px||0px||false|false&#8221; background_last_edited=&#8221;on|desktop&#8221; global_colors_info=&#8221;{}&#8221;][et_pb_row column_structure=&#8221;1_2,1_2&#8243; use_custom_gutter=&#8221;on&#8221; make_equal=&#8221;on&#8221; _builder_version=&#8221;4.24.3&#8243; _module_preset=&#8221;default&#8221; max_width=&#8221;80%&#8221; custom_margin=&#8221;0px||0px||true|false&#8221; custom_padding=&#8221;20px||20px||true|false&#8221; animation_style=&#8221;slide&#8221; animation_direction=&#8221;left&#8221; animation_duration=&#8221;1500ms&#8221; global_colors_info=&#8221;{}&#8221;][et_pb_column type=&#8221;1_2&#8243; _builder_version=&#8221;4.24.3&#8243; _module_preset=&#8221;default&#8221; custom_padding=&#8221;40px||40px||true|false&#8221; global_colors_info=&#8221;{}&#8221;][et_pb_text _builder_version=&#8221;4.27.6&#8243; _module_preset=&#8221;default&#8221; header_font=&#8221;Montserrat|300|||||||&#8221; header_text_align=&#8221;center&#8221; header_text_color=&#8221;#ffffff&#8221; header_font_size=&#8221;60px&#8221; animation_style=&#8221;slide&#8221; animation_direction=&#8221;top&#8221; animation_duration=&#8221;1500ms&#8221; animation_delay=&#8221;1500ms&#8221; header_font_size_tablet=&#8221;50px&#8221; header_font_size_phone=&#8221;38px&#8221; header_font_size_last_edited=&#8221;on|phone&#8221; global_colors_info=&#8221;{}&#8221;]<\/p>\n<h1 style=\"text-align: left;\">\u00c0 propos<\/h1>\n<p>[\/et_pb_text][\/et_pb_column][et_pb_column type=&#8221;1_2&#8243; _builder_version=&#8221;4.16&#8243; _module_preset=&#8221;default&#8221; global_colors_info=&#8221;{}&#8221;][\/et_pb_column][\/et_pb_row][\/et_pb_section][et_pb_section fb_built=&#8221;1&#8243; disabled_on=&#8221;off|off|off&#8221; _builder_version=&#8221;4.27.6&#8243; _module_preset=&#8221;default&#8221; width=&#8221;100%&#8221; custom_padding=&#8221;100px||100px||true|false&#8221; global_colors_info=&#8221;{}&#8221;][et_pb_row column_structure=&#8221;1_2,1_2&#8243; use_custom_gutter=&#8221;on&#8221; _builder_version=&#8221;4.27.6&#8243; _module_preset=&#8221;default&#8221; width=&#8221;100%&#8221; max_width=&#8221;1260px&#8221; custom_padding=&#8221;||||true|false&#8221; global_colors_info=&#8221;{}&#8221;][et_pb_column type=&#8221;1_2&#8243; _builder_version=&#8221;4.23&#8243; _module_preset=&#8221;default&#8221; global_colors_info=&#8221;{}&#8221;][et_pb_image src=&#8221;https:\/\/latouffe.ca\/wp-content\/uploads\/2024\/03\/LATOUFFE.jpg&#8221; title_text=&#8221;LATOUFFE&#8221; _builder_version=&#8221;4.24.2&#8243; _module_preset=&#8221;default&#8221; global_colors_info=&#8221;{}&#8221;][\/et_pb_image][et_pb_blurb title=&#8221;Vous \u00eates un professionnel de la coiffure et souhaitez offrir le service de comblement \u00e0 votre client\u00e8le?&#8221; icon_placement=&#8221;left&#8221; _builder_version=&#8221;4.27.6&#8243; _module_preset=&#8221;default&#8221; header_text_align=&#8221;left&#8221; header_font_size=&#8221;18px&#8221; header_line_height=&#8221;1.4em&#8221; background_color=&#8221;gcid-a3412674-3498-4142-ac08-6afad8430048&#8243; custom_margin=&#8221;||29px||false|false&#8221; custom_padding=&#8221;25px|10px|25px|10px|true|true&#8221; link_option_url=&#8221;https:\/\/latouffe.ca\/contact\/&#8221; hover_enabled=&#8221;0&#8243; global_colors_info=&#8221;{%22gcid-a3412674-3498-4142-ac08-6afad8430048%22:%91%22background_color%22%93}&#8221; text_orientation=&#8221;justified&#8221; sticky_enabled=&#8221;0&#8243;]<\/p>\n<p>Rendez-vous dans la section <strong>\u00ab Nous joindre \u00bb<\/strong> pour qu\u2019un membre de notre \u00e9quipe communique avec vous.<\/p>\n<p>[\/et_pb_blurb][\/et_pb_column][et_pb_column type=&#8221;1_2&#8243; _builder_version=&#8221;4.23.1&#8243; _module_preset=&#8221;default&#8221; global_colors_info=&#8221;{}&#8221;][et_pb_blurb title=&#8221;Notre engagement&#8221; image=&#8221;https:\/\/latouffe.ca\/wp-content\/uploads\/2026\/03\/commerce-equitable.svg&#8221; icon_placement=&#8221;left&#8221; image_icon_width=&#8221;40px&#8221; _builder_version=&#8221;4.27.6&#8243; _module_preset=&#8221;default&#8221; header_text_align=&#8221;left&#8221; header_font_size=&#8221;18px&#8221; header_line_height=&#8221;1.4em&#8221; custom_margin=&#8221;||50px||false|false&#8221; hover_enabled=&#8221;0&#8243; global_colors_info=&#8221;{}&#8221; text_orientation=&#8221;justified&#8221; sticky_enabled=&#8221;0&#8243;]<\/p>\n<p>Tel que d\u00e9montr\u00e9 dans la vid\u00e9o \u00e0 la page d\u2019accueil, il suffit de moins de deux minutes pour transformer les zones de cheveux clairsem\u00e9es en une chevelure plus dense. Notre engagement est clair : offrir une solution efficace, non invasive, unisexe et abordable qui favorise le mieux-\u00eatre.<\/p>\n<p>[\/et_pb_blurb][et_pb_blurb title=&#8221;Une solution naturelle, instantan\u00e9e et facile \u00e0 utiliser&#8221; image=&#8221;https:\/\/latouffe.ca\/wp-content\/uploads\/2026\/03\/naturel.svg&#8221; icon_placement=&#8221;left&#8221; image_icon_width=&#8221;40px&#8221; _builder_version=&#8221;4.27.6&#8243; _module_preset=&#8221;default&#8221; header_text_align=&#8221;left&#8221; header_font_size=&#8221;18px&#8221; header_line_height=&#8221;1.4em&#8221; custom_margin=&#8221;||50px||false|false&#8221; hover_enabled=&#8221;0&#8243; global_colors_info=&#8221;{}&#8221; text_orientation=&#8221;justified&#8221; sticky_enabled=&#8221;0&#8243;]<\/p>\n<p>Les fibres de comblement capillaires LA Touffe couvrent imm\u00e9diatement les zones moins denses. Elles sont simples \u00e0 appliquer : si vous savez utiliser une sali\u00e8re, vous savez utiliser l\u2019applicateur LA Touffe. Fabriqu\u00e9e \u00e0 partir de fleurs de coton, notre poudre densifiante est 100 % naturelle et douce pour le cuir chevelu. Que votre perte de cheveux soit temporaire ou permanente, cette solution vous offre un r\u00e9sultat instantan\u00e9, naturel et fiable.<\/p>\n<p>[\/et_pb_blurb][et_pb_blurb title=&#8221; R\u00e9sistante, fiable et pens\u00e9e pour la vraie vie &#8221; image=&#8221;https:\/\/latouffe.ca\/wp-content\/uploads\/2026\/03\/vent.svg&#8221; icon_placement=&#8221;left&#8221; image_icon_width=&#8221;40px&#8221; _builder_version=&#8221;4.27.6&#8243; _module_preset=&#8221;default&#8221; header_text_align=&#8221;left&#8221; header_font_size=&#8221;18px&#8221; header_line_height=&#8221;1.4em&#8221; custom_margin=&#8221;||50px||false|false&#8221; hover_enabled=&#8221;0&#8243; global_colors_info=&#8221;{}&#8221; text_orientation=&#8221;justified&#8221; sticky_enabled=&#8221;0&#8243;]<\/p>\n<p>Nos fibres de comblement capillaire sont con\u00e7ues pour r\u00e9sister au vent, \u00e0 la pluie et \u00e0 la transpiration. Elles restent en place jusqu\u2019au prochain shampoing, vous permettant de poursuivre vos activit\u00e9s quotidiennes en toute tranquillit\u00e9. Leur adh\u00e9rence repose sur un principe scientifique \u00e9prouv\u00e9 : l\u2019\u00e9lectrostatique.<\/p>\n<p>[\/et_pb_blurb][et_pb_blurb title=&#8221;Des teintes naturelles, riches et sans g\u00e2chis&#8221; image=&#8221;https:\/\/latouffe.ca\/wp-content\/uploads\/2026\/03\/palette.svg&#8221; icon_placement=&#8221;left&#8221; image_icon_width=&#8221;40px&#8221; _builder_version=&#8221;4.27.6&#8243; _module_preset=&#8221;default&#8221; header_text_align=&#8221;left&#8221; header_font_size=&#8221;18px&#8221; header_line_height=&#8221;1.4em&#8221; custom_margin=&#8221;||50px||false|false&#8221; hover_enabled=&#8221;0&#8243; global_colors_info=&#8221;{}&#8221; text_orientation=&#8221;justified&#8221; sticky_enabled=&#8221;0&#8243;]<\/p>\n<p>Chaque teinte LA Touffe a \u00e9t\u00e9 soigneusement d\u00e9velopp\u00e9e pour s\u2019harmoniser naturellement \u00e0 la couleur de vos cheveux. Riches en pigments mais sans danger pour les tissus, elles garantissent un fini discret et ind\u00e9tectable.<\/p>\n<p>[\/et_pb_blurb][et_pb_blurb title=&#8221;O\u00f9 trouver LA Touffe&#8221; image=&#8221;https:\/\/latouffe.ca\/wp-content\/uploads\/2026\/03\/emplacement.svg&#8221; icon_placement=&#8221;left&#8221; image_icon_width=&#8221;40px&#8221; _builder_version=&#8221;4.27.6&#8243; _module_preset=&#8221;default&#8221; header_text_align=&#8221;left&#8221; header_font_size=&#8221;18px&#8221; header_line_height=&#8221;1.4em&#8221; custom_margin=&#8221;||50px||false|false&#8221; hover_enabled=&#8221;0&#8243; global_colors_info=&#8221;{}&#8221; text_orientation=&#8221;justified&#8221; sticky_enabled=&#8221;0&#8243;]<\/p>\n<p>Tous nos produits sont disponibles exclusivement via notre boutique en ligne ainsi que chez nos points de vente autoris\u00e9s (salons de coiffure et salons de barbier).<\/p>\n<p>[\/et_pb_blurb][\/et_pb_column][\/et_pb_row][\/et_pb_section]<\/p>\n","protected":false},"excerpt":{"rendered":"<p>\u00c0 proposRendez-vous dans la section \u00ab Nous joindre \u00bb pour qu\u2019un membre de notre \u00e9quipe communique avec vous.Tel que d\u00e9montr\u00e9 dans la vid\u00e9o \u00e0 la page d\u2019accueil, il suffit de moins de deux minutes pour transformer les zones de cheveux clairsem\u00e9es en une chevelure plus dense. Notre engagement est clair : offrir une solution efficace, [&hellip;]<\/p>\n","protected":false},"author":4,"featured_media":0,"parent":0,"menu_order":0,"comment_status":"closed","ping_status":"closed","template":"","meta":{"_acf_changed":false,"_seopress_robots_primary_cat":"","_seopress_titles_title":"","_seopress_titles_desc":"","_seopress_robots_index":"","_et_pb_use_builder":"on","_et_pb_old_content":"","_et_gb_content_width":"","inline_featured_image":false,"footnotes":""},"class_list":["post-91446","page","type-page","status-publish","hentry"],"acf":[],"_links":{"self":[{"href":"https:\/\/latouffe.ca\/en\/wp-json\/wp\/v2\/pages\/91446","targetHints":{"allow":["GET"]}}],"collection":[{"href":"https:\/\/latouffe.ca\/en\/wp-json\/wp\/v2\/pages"}],"about":[{"href":"https:\/\/latouffe.ca\/en\/wp-json\/wp\/v2\/types\/page"}],"author":[{"embeddable":true,"href":"https:\/\/latouffe.ca\/en\/wp-json\/wp\/v2\/users\/4"}],"replies":[{"embeddable":true,"href":"https:\/\/latouffe.ca\/en\/wp-json\/wp\/v2\/comments?post=91446"}],"version-history":[{"count":12,"href":"https:\/\/latouffe.ca\/en\/wp-json\/wp\/v2\/pages\/91446\/revisions"}],"predecessor-version":[{"id":117999,"href":"https:\/\/latouffe.ca\/en\/wp-json\/wp\/v2\/pages\/91446\/revisions\/117999"}],"wp:attachment":[{"href":"https:\/\/latouffe.ca\/en\/wp-json\/wp\/v2\/media?parent=91446"}],"curies":[{"name":"wp","href":"https:\/\/api.w.org\/{rel}","templated":true}]}}