{"id":100260,"date":"2024-11-28T10:47:51","date_gmt":"2024-11-28T15:47:51","guid":{"rendered":"https:\/\/latouffe.wpenginepowered.com\/?post_type=product&#038;p=100260"},"modified":"2026-04-10T07:56:26","modified_gmt":"2026-04-10T12:56:26","slug":"densifying-fiber-refill-bag","status":"publish","type":"product","link":"https:\/\/latouffe.ca\/en\/product\/sac-de-recharge-de-fibres-densifiantes\/","title":{"rendered":"The bag"},"content":{"rendered":"<p><u>Instructions for use :<\/u><\/p>\n<p style=\"text-align: left;\">It is important not to pour the hair filler solution directly from the refill bag, <strong>you must have the reusable applicator for the hair filler solution <\/strong>and fill it with the contents of the refill bag. Then gently shake the reusable applicator over thinning areas. Gently style hair as desired. For optimum hold, apply LA Touffe Hairspray.<\/p>\n<p><u>Ingredients:<\/u><\/p>\n<p>Cotton fibers and mineral-based dyes.<\/p>\n<p><u>Reduce, reuse, recycle and save!<\/u><\/p>\n<p>In addition to promoting 100%-certified natural products, LA Touffe encourages eco-responsible consumption among its customers. Keep the reusable applicator when empty. Next time you shop, buy LA Touffe hair filler in a refill bag and fill it up!<\/p>","protected":false},"excerpt":{"rendered":"<p style=\"text-align: left;\">The contents of the refill sachet must be poured into the reusable applicator to apply the solution properly. Specifically designed to meet the needs of hair loss, LA Touffe Hair Filling Solution stays in place until the next shampoo. Sweat-, water- and wind-resistant, it's quick and easy to apply!<\/p>\n<p><u>Quantity :<\/u><\/p>\n<ul>\n<li>25g capillary filler sachet (1)<\/li>\n<\/ul>","protected":false},"featured_media":102238,"template":"","meta":{"_acf_changed":false,"_seopress_robots_primary_cat":"none","_seopress_titles_title":"","_seopress_titles_desc":"","_seopress_robots_index":"","_et_pb_use_builder":"off","_et_pb_old_content":"<u>Mode d\u2019emploi :<\/u>\r\n<p style=\"text-align: left\">Il est important de ne pas verser les fibres densifiantes directement \u00e0 partir du sachet de recharge, <strong>vous devez avoir l\u2019applicateur r\u00e9utilisable pour fibres densifiantes <\/strong>et le remplir avec le contenu du sachet de recharge. Ensuite, secouez doucement l\u2019applicateur r\u00e9utilisable au-dessus des zones clairsem\u00e9es. Coiffez d\u00e9licatement les cheveux selon le style d\u00e9sir\u00e9. Pour une tenue optimale, appliquez LE Fixatif LA Touffe.<\/p>\r\n<u>Ingr\u00e9dients :<\/u>\r\n\r\nFibres de coton et colorants \u00e0 base min\u00e9rale.\r\n\r\n<u>R\u00e9duis, r\u00e9utilise, recycle et \u00e9conomise!<\/u>\r\n\r\nOutre la valorisation de produits certifi\u00e9s 100% naturels, LA Touffe encourage une consommation \u00e9coresponsable aupr\u00e8s de sa client\u00e8le. Conservez l\u2019applicateur r\u00e9utilisable une fois vide. Lors de vos prochains achats, procurez-vous les fibres densifiantes LA Touffe en sachet de recharge et remplissez-le!","_et_gb_content_width":"","inline_featured_image":false},"product_brand":[],"product_cat":[15],"product_tag":[],"class_list":{"0":"post-100260","1":"product","2":"type-product","3":"status-publish","4":"has-post-thumbnail","6":"product_cat-la-touffe","7":"product_shipping_class-livraison-9","9":"first","10":"instock","11":"taxable","12":"shipping-taxable","13":"purchasable","14":"product-type-variable","15":"add-to-wishlist-after_add_to_cart"},"acf":[],"_links":{"self":[{"href":"https:\/\/latouffe.ca\/en\/wp-json\/wp\/v2\/product\/100260","targetHints":{"allow":["GET"]}}],"collection":[{"href":"https:\/\/latouffe.ca\/en\/wp-json\/wp\/v2\/product"}],"about":[{"href":"https:\/\/latouffe.ca\/en\/wp-json\/wp\/v2\/types\/product"}],"wp:featuredmedia":[{"embeddable":true,"href":"https:\/\/latouffe.ca\/en\/wp-json\/wp\/v2\/media\/102238"}],"wp:attachment":[{"href":"https:\/\/latouffe.ca\/en\/wp-json\/wp\/v2\/media?parent=100260"}],"wp:term":[{"taxonomy":"product_brand","embeddable":true,"href":"https:\/\/latouffe.ca\/en\/wp-json\/wp\/v2\/product_brand?post=100260"},{"taxonomy":"product_cat","embeddable":true,"href":"https:\/\/latouffe.ca\/en\/wp-json\/wp\/v2\/product_cat?post=100260"},{"taxonomy":"product_tag","embeddable":true,"href":"https:\/\/latouffe.ca\/en\/wp-json\/wp\/v2\/product_tag?post=100260"}],"curies":[{"name":"wp","href":"https:\/\/api.w.org\/{rel}","templated":true}]}}