{"id":100263,"date":"2024-11-24T12:36:06","date_gmt":"2024-11-24T17:36:06","guid":{"rendered":"https:\/\/latouffe.wpenginepowered.com\/?post_type=product&#038;p=100263"},"modified":"2026-03-30T12:26:51","modified_gmt":"2026-03-30T17:26:51","slug":"fixative-for-densifying-fibers","status":"publish","type":"product","link":"https:\/\/latouffe.ca\/en\/product\/fixatif-pour-fibres-densifiantes\/","title":{"rendered":"Hairspray"},"content":{"rendered":"<p><u>Instructions for use :<\/u><\/p>\n<p>After applying LA Touffe hair filler solution to thinning areas and styling hair, hold the hairspray bottle 4 to 8 inches away from the hair and spray evenly.<\/p>\n<p><u>Ingredients:<\/u><\/p>\n<p>Water, Alcohol SD 40, Polysorbate 20, Polyimide-1, Vinyl Caprolactam \/ VP \/ Dimethylaminoethyl Methacrylate Copolymer, PEG-12 Dimethicone, Keratin, Hydrolyzed Keratin, Sea salt, Disodium Ethylenediaminetetraacetic acid, Glycerin, Potassium sorbate, Sodium benzoate, Lauryl pyrrolidone, Phenoxyethanol, Terpene alcohol isomer of geraniol, Benzyl salicylate, Monoterpene aldehyde. Fragrance: Extracts of green tea leaves, citric acid, cucumber, turmesol, grapefruit, pomegranate, raspberry, cranberry.<\/p>","protected":false},"excerpt":{"rendered":"<p>LA Touffe Hairspray ensures optimal hold of the hair-filling solution after application. Its effectiveness, combined with its light, unisex fragrance, make this hairspray an indispensable part of the quick and easy LA Touffe routine.<\/p>\n<p><u>Quantity :<\/u><\/p>\n<ul>\n<li>Fixative in 118 ml (1)<\/li>\n<\/ul>\n<h3>Delivery NOT INCLUDED<\/h3>","protected":false},"featured_media":102191,"template":"","meta":{"_acf_changed":false,"_seopress_robots_primary_cat":"none","_seopress_titles_title":"","_seopress_titles_desc":"","_seopress_robots_index":"","_et_pb_use_builder":"off","_et_pb_old_content":"<u>Mode d\u2019emploi :<\/u>\r\n\r\nApr\u00e8s avoir appliqu\u00e9 les fibres densifiantes LA Touffe sur les zones clairsem\u00e9es et apr\u00e8s avoir coiff\u00e9 les cheveux, tenez la bouteille de fixatif \u00e0 une distance de 4 \u00e0 8 pouces des cheveux et vaporisez uniform\u00e9ment.\r\n\r\n<u>Ingr\u00e9dients :<\/u>\r\n\r\nEau, Alcool SD 40, Polysorbate 20, Polyimide-1, Vinyl Caprolactam \/ VP \/ Dimethylaminoethyl Methacrylate Copolymer, PEG-12 Dim\u00e9thicone, K\u00e9ratine, K\u00e9ratine hydrolys\u00e9e, Sel marin, Disodium \u00c9thyl\u00e8nediaminet\u00e9traac\u00e9tique, Glyc\u00e9rine, Sorbate de potassium, Benzoate de sodium, Lauryl pyrrolidone, Ph\u00e9noxy\u00e9thanol, Alcool terp\u00e9nique isom\u00e8re du g\u00e9raniol, Salicylate de benzyle, ald\u00e9hyde monoterp\u00e9nique. Parfum : Extraits de feuilles de Th\u00e9 vert, d'Acide citrique, de Concombre, Tourmesol, Pamplemousse, Pomme grenade, Framboises, Canneberge.","_et_gb_content_width":"","inline_featured_image":false},"product_brand":[],"product_cat":[15],"product_tag":[],"class_list":{"0":"post-100263","1":"product","2":"type-product","3":"status-publish","4":"has-post-thumbnail","6":"product_cat-la-touffe","8":"first","9":"instock","10":"taxable","11":"shipping-taxable","12":"purchasable","13":"product-type-simple","14":"add-to-wishlist-after_add_to_cart"},"acf":[],"_links":{"self":[{"href":"https:\/\/latouffe.ca\/en\/wp-json\/wp\/v2\/product\/100263","targetHints":{"allow":["GET"]}}],"collection":[{"href":"https:\/\/latouffe.ca\/en\/wp-json\/wp\/v2\/product"}],"about":[{"href":"https:\/\/latouffe.ca\/en\/wp-json\/wp\/v2\/types\/product"}],"wp:featuredmedia":[{"embeddable":true,"href":"https:\/\/latouffe.ca\/en\/wp-json\/wp\/v2\/media\/102191"}],"wp:attachment":[{"href":"https:\/\/latouffe.ca\/en\/wp-json\/wp\/v2\/media?parent=100263"}],"wp:term":[{"taxonomy":"product_brand","embeddable":true,"href":"https:\/\/latouffe.ca\/en\/wp-json\/wp\/v2\/product_brand?post=100263"},{"taxonomy":"product_cat","embeddable":true,"href":"https:\/\/latouffe.ca\/en\/wp-json\/wp\/v2\/product_cat?post=100263"},{"taxonomy":"product_tag","embeddable":true,"href":"https:\/\/latouffe.ca\/en\/wp-json\/wp\/v2\/product_tag?post=100263"}],"curies":[{"name":"wp","href":"https:\/\/api.w.org\/{rel}","templated":true}]}}