{"id":100705,"date":"2024-11-25T13:02:44","date_gmt":"2024-11-25T18:02:44","guid":{"rendered":"https:\/\/latouffe.wpenginepowered.com\/?post_type=product&#038;p=100705"},"modified":"2026-04-27T08:10:51","modified_gmt":"2026-04-27T13:10:51","slug":"la-totale-la-touffe","status":"publish","type":"product","link":"https:\/\/latouffe.ca\/en\/product\/la-totale-la-touffe\/","title":{"rendered":"La Totale starter kit"},"content":{"rendered":"<p><u>Description :<\/u><\/p>\n<p>There's everything you need for a successful tuft inside the La Totale LA Touffe set. Specifically designed to meet the needs of hair loss, LA Touffe hair-filling solution stays in place until the next shampoo. Water and wind resistant, it's quick and easy to apply! The LA Touffe Comb is the ideal tool for defining facial contours. Once sprayed on, Le Fixatif LA Touffe ensures optimal hold of the hair-filling solution. Once you've completed your short LA Touffe beauty routine, store all your essentials in La Trousse, so you'll have all the tools you need for professional results in one place.<\/p>\n<p><u>Instructions for use :<\/u><\/p>\n<p>Fill the reusable LA Touffe applicator with the contents of the hair filler solution sachet. Gently shake the applicator over thinning areas. Using the finishing comb, gently style hair into desired style. From a distance of 4 to 8 inches from your hair, spray evenly with LA Touffe Hairspray.<\/p>\n<p><u>Ingredients:<\/u><\/p>\n<p><strong>Capillary filling solution<\/strong>\u00a0Cotton fibers and mineral-based dyes.<\/p>\n<p><strong>Fixative<\/strong> : Water, Alcohol SD 40, Polysorbate 20, Polyimide-1, Vinyl Caprolactam \/ VP \/ Dimethylaminoethyl Methacrylate Copolymer, PEG-12 Dimethicone, Keratin, Hydrolyzed Keratin, Sea salt, Disodium Ethylenediaminetetraacetic acid, Glycerin, Potassium sorbate, Sodium benzoate, Lauryl pyrrolidone, Phenoxyethanol, Terpene alcohol isomer of geraniol, Benzyl salicylate, Monoterpene aldehyde. Fragrance: Extracts of green tea leaves, citric acid, cucumber, turmesol, grapefruit, pomegranate, raspberry, cranberry.<\/p>\n<p><u>Reduce, reuse, recycle and save!<\/u><\/p>\n<p>In addition to promoting 100%-certified natural products, LA Touffe encourages eco-responsible consumption among its customers. Keep the reusable applicator when empty. Next time you shop, buy LA Touffe hair filler in a refill bag and refill it!<\/p>","protected":false},"excerpt":{"rendered":"<p>There's everything you need for a successful tuft inside the La Totale LA Touffe set. Specifically designed to meet the needs of hair loss, LA Touffe hair-filling solution stays in place until the next shampoo. Sweat-, water- and wind-resistant, it's quick and easy to apply!<\/p>\n<p><u>Includes :<\/u><\/p>\n<ul>\n<li>Reusable applicator for densifying fibers (1)<\/li>\n<li>25g capillary filler sachet (1)<\/li>\n<li>Fixative in 118 ml (1)<\/li>\n<li>Le Peigne (1)<\/li>\n<li>La Trousse (1)<\/li>\n<li>Le Diffuseur (1)<\/li>\n<\/ul>","protected":false},"featured_media":105391,"template":"","meta":{"_acf_changed":false,"_seopress_robots_primary_cat":"none","_seopress_titles_title":"","_seopress_titles_desc":"","_seopress_robots_index":"","_et_pb_use_builder":"off","_et_pb_old_content":"<u>Description :<\/u>\r\n\r\nIl y a tout le n\u00e9cessaire pour une touffe r\u00e9ussie \u00e0 l\u2019int\u00e9rieur de l\u2019ensemble LA Totale LA Touffe. Sp\u00e9cifiquement con\u00e7ues pour r\u00e9pondre aux besoins li\u00e9s au manque de cheveux, les fibres densifiantes LA Touffe restent en place jusqu\u2019au prochain shampoing. R\u00e9sistantes \u00e0 l\u2019eau et aux vents, elles sont faciles et rapides \u00e0 appliquer! LE Peigne LA Touffe est quant \u00e0 lui l\u2019outil id\u00e9al pour bien d\u00e9finir la ligne de contour du visage. Une fois vaporis\u00e9, LE Fixatif LA Touffe assure une tenue optimale des fibres densifiantes. Apr\u00e8s avoir termin\u00e9 la courte routine beaut\u00e9 LA Touffe, rangez tous les essentiels dans LA Trousse, question de retrouver au m\u00eame endroit les alli\u00e9s indispensables \u00e0 un r\u00e9sultat professionnel.\r\n\r\n<u>Mode d\u2019emploi :<\/u>\r\n\r\nRemplissez L\u2019Applicateur r\u00e9utilisable LA Touffe avec le contenu du sachet de fibres densifiantes. Secouez doucement L\u2019Applicateur au-dessus des zones clairsem\u00e9es. \u00c0 l\u2019aide du peigne de finition, coiffez d\u00e9licatement les cheveux selon le style d\u00e9sir\u00e9. \u00c0 une distance de 4 \u00e0 8 pouces de vos cheveux, vaporisez uniform\u00e9ment LE Fixatif LA Touffe.\r\n\r\n<u>Ingr\u00e9dients :<\/u>\r\n\r\n<strong>Fibres densifiantes<\/strong> : Fibres de coton et colorants \u00e0 base min\u00e9rale.\r\n\r\n<strong>Fixatif<\/strong> : Eau, Alcool SD 40, Polysorbate 20, Polyimide-1, Vinyl Caprolactam \/ VP \/ Dimethylaminoethyl Methacrylate Copolymer, PEG-12 Dim\u00e9thicone, K\u00e9ratine, K\u00e9ratine hydrolys\u00e9e, Sel marin, Disodium \u00c9thyl\u00e8nediaminet\u00e9traac\u00e9tique, Glyc\u00e9rine, Sorbate de potassium, Benzoate de sodium, Lauryl pyrrolidone, Ph\u00e9noxy\u00e9thanol, Alcool terp\u00e9nique isom\u00e8re du g\u00e9raniol, Salicylate de benzyle, ald\u00e9hyde monoterp\u00e9nique. Parfum : Extraits de feuilles de Th\u00e9 vert, d'Acide citrique, de Concombre, Tourmesol, Pamplemousse, Pomme grenade, Framboises, Canneberge.\r\n\r\n<u>R\u00e9duis, r\u00e9utilise, recycle et \u00e9conomise!<\/u>\r\n\r\nOutre la valorisation de produits certifi\u00e9s 100% naturels, LA Touffe encourage une consommation \u00e9coresponsable aupr\u00e8s de sa client\u00e8le. Conservez L\u2019Applicateur r\u00e9utilisable une fois vide. Lors de vos prochains achats, procurez-vous les fibres densifiantes LA Touffe en sachet de recharge et remplissez-le!\r\n\r\n\u00a0","_et_gb_content_width":"","inline_featured_image":false},"product_brand":[],"product_cat":[15],"product_tag":[],"class_list":{"0":"post-100705","1":"product","2":"type-product","3":"status-publish","4":"has-post-thumbnail","6":"product_cat-la-touffe","7":"product_shipping_class-livraison-sachets","9":"first","10":"outofstock","11":"taxable","12":"shipping-taxable","13":"purchasable","14":"product-type-variable","15":"add-to-wishlist-after_add_to_cart"},"acf":[],"_links":{"self":[{"href":"https:\/\/latouffe.ca\/en\/wp-json\/wp\/v2\/product\/100705","targetHints":{"allow":["GET"]}}],"collection":[{"href":"https:\/\/latouffe.ca\/en\/wp-json\/wp\/v2\/product"}],"about":[{"href":"https:\/\/latouffe.ca\/en\/wp-json\/wp\/v2\/types\/product"}],"wp:featuredmedia":[{"embeddable":true,"href":"https:\/\/latouffe.ca\/en\/wp-json\/wp\/v2\/media\/105391"}],"wp:attachment":[{"href":"https:\/\/latouffe.ca\/en\/wp-json\/wp\/v2\/media?parent=100705"}],"wp:term":[{"taxonomy":"product_brand","embeddable":true,"href":"https:\/\/latouffe.ca\/en\/wp-json\/wp\/v2\/product_brand?post=100705"},{"taxonomy":"product_cat","embeddable":true,"href":"https:\/\/latouffe.ca\/en\/wp-json\/wp\/v2\/product_cat?post=100705"},{"taxonomy":"product_tag","embeddable":true,"href":"https:\/\/latouffe.ca\/en\/wp-json\/wp\/v2\/product_tag?post=100705"}],"curies":[{"name":"wp","href":"https:\/\/api.w.org\/{rel}","templated":true}]}}