{"id":102727,"date":"2023-12-15T22:31:03","date_gmt":"2023-12-16T03:31:03","guid":{"rendered":"https:\/\/latouffe.wpenginepowered.com\/?post_type=product&#038;p=102727"},"modified":"2026-03-30T10:36:45","modified_gmt":"2026-03-30T15:36:45","slug":"applicator","status":"publish","type":"product","link":"https:\/\/latouffe.ca\/en\/product\/applicateur\/","title":{"rendered":"The applicator"},"content":{"rendered":"<p><strong><u>Instructions for use :<\/u><\/strong><\/p>\n<p>Gently shake the reusable applicator over thinning areas. Gently style hair as desired. For optimum hold, apply the<br \/>\nLA Touffe hairspray.<\/p>","protected":false},"excerpt":{"rendered":"<p>Reusable applicator for capillary filler solution<\/p>\n<p><u>Description :<\/u><\/p>\n<p>The reusable applicator is required to apply LA Touffe hair filler solution, sold in refill bags. Keep the reusable applicator when empty and refill it with the contents of the refill bag.<\/p>\n<p>&nbsp;<\/p>\n<h3>Delivery NOT INCLUDED<\/h3>","protected":false},"featured_media":102730,"template":"","meta":{"_acf_changed":false,"_seopress_robots_primary_cat":"none","_seopress_titles_title":"","_seopress_titles_desc":"","_seopress_robots_index":"","_et_pb_use_builder":"off","_et_pb_old_content":"<strong><u>Mode d\u2019emploi :<\/u><\/strong>\r\n\r\nSecouez doucement L\u2019Applicateur r\u00e9utilisable au-dessus des zones clairsem\u00e9es. Coiffez d\u00e9licatement les cheveux selon le style d\u00e9sir\u00e9. Pour une tenue optimale, appliquez LE\r\nFixatif LA Touffe.\r\n\r\n\u00a0","_et_gb_content_width":"","inline_featured_image":false},"product_brand":[],"product_cat":[15],"product_tag":[],"class_list":{"0":"post-102727","1":"product","2":"type-product","3":"status-publish","4":"has-post-thumbnail","6":"product_cat-la-touffe","8":"first","9":"instock","10":"taxable","11":"shipping-taxable","12":"purchasable","13":"product-type-simple","14":"add-to-wishlist-after_add_to_cart"},"acf":[],"_links":{"self":[{"href":"https:\/\/latouffe.ca\/en\/wp-json\/wp\/v2\/product\/102727","targetHints":{"allow":["GET"]}}],"collection":[{"href":"https:\/\/latouffe.ca\/en\/wp-json\/wp\/v2\/product"}],"about":[{"href":"https:\/\/latouffe.ca\/en\/wp-json\/wp\/v2\/types\/product"}],"wp:featuredmedia":[{"embeddable":true,"href":"https:\/\/latouffe.ca\/en\/wp-json\/wp\/v2\/media\/102730"}],"wp:attachment":[{"href":"https:\/\/latouffe.ca\/en\/wp-json\/wp\/v2\/media?parent=102727"}],"wp:term":[{"taxonomy":"product_brand","embeddable":true,"href":"https:\/\/latouffe.ca\/en\/wp-json\/wp\/v2\/product_brand?post=102727"},{"taxonomy":"product_cat","embeddable":true,"href":"https:\/\/latouffe.ca\/en\/wp-json\/wp\/v2\/product_cat?post=102727"},{"taxonomy":"product_tag","embeddable":true,"href":"https:\/\/latouffe.ca\/en\/wp-json\/wp\/v2\/product_tag?post=102727"}],"curies":[{"name":"wp","href":"https:\/\/api.w.org\/{rel}","templated":true}]}}