{"id":105669,"date":"2024-11-26T14:54:08","date_gmt":"2024-11-26T19:54:08","guid":{"rendered":"https:\/\/latouffe.wpenginepowered.com\/?post_type=product&#038;p=105669"},"modified":"2026-04-09T15:39:56","modified_gmt":"2026-04-09T20:39:56","slug":"the-trio","status":"publish","type":"product","link":"https:\/\/latouffe.ca\/en\/product\/le-trio\/","title":{"rendered":"Le Trio starter kit"},"content":{"rendered":"<p><u>Instructions for use :<\/u><\/p>\n<p>Gently shake the reusable applicator for the hair-filling solution over thinning areas. Gently style hair as desired. For optimum hold, apply LA Touffe Hairspray.<\/p>\n<p><u>Ingredients:<\/u><\/p>\n<p>Cotton fibers and mineral-based dyes.<\/p>\n<p><u>Reduce, reuse, recycle and save! :<\/u><\/p>\n<p>In addition to promoting 100%-certified natural products, LA Touffe encourages eco-responsible consumption among its customers. Keep the reusable applicator for hair filler when empty. Next time you shop, buy LA Touffe hair filler solution in a refill bag and fill it up!<\/p>","protected":false},"excerpt":{"rendered":"<p>Le Trio, the ideal starter set and our best offer! From this all-in-one starter set, camouflage sparse areas while ensuring optimal hold until your next shampoo with Le Fixatif! Its effectiveness, combined with its light, unisex scent, make our hairspray an indispensable tool in the quick and easy LA Touffe routine.<\/p>\n<p><span style=\"text-decoration: underline;\">Includes :<\/span><\/p>\n<ul>\n<li>25g sachet of hair filler solution<\/li>\n<li>Reusable applicator for capillary filler solution (1)<\/li>\n<li>Fixative in 118 ml (1)<\/li>\n<\/ul>","protected":false},"featured_media":105717,"template":"","meta":{"_acf_changed":false,"_seopress_robots_primary_cat":"none","_seopress_titles_title":"","_seopress_titles_desc":"","_seopress_robots_index":"","_et_pb_use_builder":"off","_et_pb_old_content":"<u>Mode d\u2019emploi :<\/u>\r\n\r\nSecouez doucement L\u2019Applicateur r\u00e9utilisable pour fibres densifiantes au-dessus des zones clairsem\u00e9es. Coiffez d\u00e9licatement les cheveux selon le style d\u00e9sir\u00e9. Pour une tenue optimale, appliquez LE Fixatif LA Touffe.\r\n\r\n<u>Ingr\u00e9dients :<\/u>\r\n\r\nFibres de coton et colorants \u00e0 base min\u00e9rale.\r\n\r\n<u>R\u00e9duis, r\u00e9utilise, recycle et \u00e9conomise! :<\/u>\r\n\r\nOutre la valorisation de produits certifi\u00e9s 100% naturels, LA Touffe encourage une consommation \u00e9coresponsable aupr\u00e8s de sa client\u00e8le. Conservez L'Applicateur r\u00e9utilisable pour fibres densifiantes une fois vide. Lors de vos prochains achats, procurez-vous les fibres densifiantes LA Touffe en sachet de recharge et remplissez-le!","_et_gb_content_width":"","inline_featured_image":false},"product_brand":[],"product_cat":[15],"product_tag":[],"class_list":{"0":"post-105669","1":"product","2":"type-product","3":"status-publish","4":"has-post-thumbnail","6":"product_cat-la-touffe","7":"product_shipping_class-livraison-sachets","9":"first","10":"instock","11":"taxable","12":"shipping-taxable","13":"purchasable","14":"product-type-variable","15":"add-to-wishlist-after_add_to_cart"},"acf":[],"_links":{"self":[{"href":"https:\/\/latouffe.ca\/en\/wp-json\/wp\/v2\/product\/105669","targetHints":{"allow":["GET"]}}],"collection":[{"href":"https:\/\/latouffe.ca\/en\/wp-json\/wp\/v2\/product"}],"about":[{"href":"https:\/\/latouffe.ca\/en\/wp-json\/wp\/v2\/types\/product"}],"wp:featuredmedia":[{"embeddable":true,"href":"https:\/\/latouffe.ca\/en\/wp-json\/wp\/v2\/media\/105717"}],"wp:attachment":[{"href":"https:\/\/latouffe.ca\/en\/wp-json\/wp\/v2\/media?parent=105669"}],"wp:term":[{"taxonomy":"product_brand","embeddable":true,"href":"https:\/\/latouffe.ca\/en\/wp-json\/wp\/v2\/product_brand?post=105669"},{"taxonomy":"product_cat","embeddable":true,"href":"https:\/\/latouffe.ca\/en\/wp-json\/wp\/v2\/product_cat?post=105669"},{"taxonomy":"product_tag","embeddable":true,"href":"https:\/\/latouffe.ca\/en\/wp-json\/wp\/v2\/product_tag?post=105669"}],"curies":[{"name":"wp","href":"https:\/\/api.w.org\/{rel}","templated":true}]}}